{"id":7774,"date":"2014-04-23T10:34:55","date_gmt":"2014-04-23T10:34:55","guid":{"rendered":"http:\/\/lawyers-attorneys.vamtam.com\/?page_id=7774"},"modified":"2018-10-05T11:58:55","modified_gmt":"2018-10-05T11:58:55","slug":"ilpalazzo","status":"publish","type":"page","link":"https:\/\/beblimperatorealtamura.it\/?page_id=7774","title":{"rendered":"Il palazzo"},"content":{"rendered":"<div class=\"push\" style='height:10px'><\/div>\n<div class=\"row \"><div class=\"wpv-grid grid-1-1  wpv-first-level first unextended\" style=\"padding-top:0px;padding-bottom:80px\" id=\"wpv-column-51042fc00175a37c76d6e8577b6f87e6\" >\t\t<div class=\"sep-text single centered\">\n\t\t\t\t\t\t\t<span class=\"sep-text-before\"><div class=\"sep-text-line\"><\/div><\/span>\n\t\t\t\t\t\t<div class=\"content\">\n\t\t\t\t<h2 class=\"text-divider-double\">Storia<\/h2>\t\t\t<\/div>\n\t\t\t<span class=\"sep-text-after\"><div class=\"sep-text-line\"><\/div><\/span>\n\t\t\t\t\t<\/div>\n\t<div class=\"push\" style='margin-bottom:-20px'><\/div>\n<div class=\"row \"><div class=\"wpv-grid grid-1-1  first unextended\" style=\"padding-top:0px;padding-bottom:0px\" id=\"wpv-column-050bbdedf5b13bae17589f702370e536\" ><p>Costruito nel XV-XVI secolo ubicato nasce nel centro storico di\u00a0<strong>Altamura<\/strong>, cuore pulsante della citt\u00e0 antica. La struttura \u00e8 stata ricavata da un agglomerato di tipiche dimore disposte su pi\u00f9 livelli, restaurate mediante le migliori tecniche di risanamento conservativo che ne esaltano le caratteristiche peculiari, lasciando intatto e rispettando profondamente la originale singolarit\u00e0 dell&#8217;ambiente storico che lo accoglie. E\u2019 luogo di grande e raro fascino, che combinati con il relax lo rende unico ed esclusivo.<\/p>\n<p style=\"text-align: center;\"><\/div><\/div>\n<div class=\"row \"><div class=\"wpv-grid grid-1-1  first unextended\" style=\"padding-top:0px;padding-bottom:0px\" id=\"wpv-column-fe764231e3168bbf16f7f8d827257487\" ><h5><em>english version<\/em><\/h5>\n<p style=\"text-align: center;\"><strong>THE PALACE<\/strong><\/p>\n<p>Built in the 15th-16th Century, the Palace is located in the historical centre of <strong>Altamura<\/strong>, beating heart of the old town. The structure was originally an agglomeration of ancient dwellings arranged on different levels, restored with the best preservation and restoration techniques which intensify its peculiar characteristics, leaving intact and deeply respecting the unique originality of the historical environment which holds it. It is a place of great and rare charm, which combined with relax makes it unique and exclusive.<\/p>\n<p style=\"text-align: center;\"><b><span lang=\"EN-US\">THE POSITION<\/span><\/b><span lang=\"EN-US\"><br \/>\nIt is placed in the heart of the old village, where you can arrive through a path facing Corso Federico II di Svevia. Its strategic position allows to reach in few minutes by walking the monuments and the most interesting places, \u00a0as the majestic Cathedral built by the Emperor Frederick II of Swabia in 1232 -consacrated to Santa Maria Assunta- and the most suggestive churches and squares of the old town. Moreover, the surroundings are full of shops, restaurants and clubs of every kind. You will be able to enjoy your stay without using the car.<\/span><\/div><\/div><\/div><\/div>\n<div class=\"row \"><div class=\"wpv-grid grid-1-1  wpv-first-level first has-background extended animation-fade-in animated-active\" style=\"background-color:#EFEFEF;padding-top:20px;padding-bottom:10px\" id=\"wpv-column-4a7fa63857815e82365ef8a81273e783\" ><div class=\"extended-column-inner\"><style>#wpv-column-4a7fa63857815e82365ef8a81273e783 p,#wpv-column-4a7fa63857815e82365ef8a81273e783 em,#wpv-column-4a7fa63857815e82365ef8a81273e783 .column-title,#wpv-column-4a7fa63857815e82365ef8a81273e783 .sep-text h2.regular-title-wrapper,#wpv-column-4a7fa63857815e82365ef8a81273e783 .text-divider-double,#wpv-column-4a7fa63857815e82365ef8a81273e783 .sep-text .sep-text-line,#wpv-column-4a7fa63857815e82365ef8a81273e783 .sep,#wpv-column-4a7fa63857815e82365ef8a81273e783 .sep-2,#wpv-column-4a7fa63857815e82365ef8a81273e783 .sep-3,#wpv-column-4a7fa63857815e82365ef8a81273e783 td,#wpv-column-4a7fa63857815e82365ef8a81273e783 th,#wpv-column-4a7fa63857815e82365ef8a81273e783 caption{color:#707070;}#wpv-column-4a7fa63857815e82365ef8a81273e783:before{background-color:transparent;}<\/style><div class=\"row \"><div class=\"wpv-grid grid-1-1  first unextended\" style=\"padding-top:0px;padding-bottom:0px\" id=\"wpv-column-a6fd152107bcd57e9ca0b143ac65929e\" ><p><div role=\"form\" class=\"wpcf7\" id=\"wpcf7-f9671-o1\" lang=\"it-IT\" dir=\"ltr\">\n<div class=\"screen-reader-response\"><p role=\"status\" aria-live=\"polite\" aria-atomic=\"true\"><\/p> <ul><\/ul><\/div>\n<form action=\"\/index.php?rest_route=%2Fwp%2Fv2%2Fpages%2F7774#wpcf7-f9671-o1\" method=\"post\" class=\"wpcf7-form init\" novalidate=\"novalidate\" data-status=\"init\">\n<div style=\"display: none;\">\n<input type=\"hidden\" name=\"_wpcf7\" value=\"9671\" \/>\n<input type=\"hidden\" name=\"_wpcf7_version\" value=\"5.4\" \/>\n<input type=\"hidden\" name=\"_wpcf7_locale\" value=\"it_IT\" \/>\n<input type=\"hidden\" name=\"_wpcf7_unit_tag\" value=\"wpcf7-f9671-o1\" \/>\n<input type=\"hidden\" name=\"_wpcf7_container_post\" value=\"0\" \/>\n<input type=\"hidden\" name=\"_wpcf7_posted_data_hash\" value=\"\" \/>\n<\/div>\n<p><label> Your Name (required)<br \/>\n    <span class=\"wpcf7-form-control-wrap your-name\"><input type=\"text\" name=\"your-name\" value=\"\" size=\"40\" class=\"wpcf7-form-control wpcf7-text wpcf7-validates-as-required\" aria-required=\"true\" aria-invalid=\"false\" \/><\/span> <\/label><\/p>\n<p><label> Your Email (required)<br \/>\n    <span class=\"wpcf7-form-control-wrap your-email\"><input type=\"email\" name=\"your-email\" value=\"\" size=\"40\" class=\"wpcf7-form-control wpcf7-text wpcf7-email wpcf7-validates-as-required wpcf7-validates-as-email\" aria-required=\"true\" aria-invalid=\"false\" \/><\/span> <\/label><\/p>\n<p><label> Subject<br \/>\n    <span class=\"wpcf7-form-control-wrap your-subject\"><input type=\"text\" name=\"your-subject\" value=\"\" size=\"40\" class=\"wpcf7-form-control wpcf7-text\" aria-invalid=\"false\" \/><\/span> <\/label><\/p>\n<p><label> Your Message<br \/>\n    <span class=\"wpcf7-form-control-wrap your-message\"><textarea name=\"your-message\" cols=\"40\" rows=\"10\" class=\"wpcf7-form-control wpcf7-textarea\" aria-invalid=\"false\"><\/textarea><\/span> <\/label><\/p>\n<p><input type=\"submit\" value=\"Send\" class=\"wpcf7-form-control wpcf7-submit\" \/><\/p>\n<div class=\"wpcf7-response-output\" aria-hidden=\"true\"><\/div><\/form><\/div><\/div><\/div><\/div><\/div><\/div>\n","protected":false},"excerpt":{"rendered":"<p>Costruito nel XV-XVI secolo ubicato nasce nel centro storico di\u00a0Altamura, cuore pulsante della citt\u00e0 antica. La struttura \u00e8 stata ricavata da un agglomerato di tipiche dimore disposte su pi\u00f9 livelli, restaurate mediante le migliori tecniche di risanamento conservativo che ne esaltano le caratteristiche peculiari, lasciando intatto e rispettando profondamente la originale singolarit\u00e0 dell&#8217;ambiente storico che&#8230;<\/p>\n","protected":false},"author":1,"featured_media":0,"parent":0,"menu_order":0,"comment_status":"closed","ping_status":"closed","template":"","meta":[],"_links":{"self":[{"href":"https:\/\/beblimperatorealtamura.it\/index.php?rest_route=\/wp\/v2\/pages\/7774"}],"collection":[{"href":"https:\/\/beblimperatorealtamura.it\/index.php?rest_route=\/wp\/v2\/pages"}],"about":[{"href":"https:\/\/beblimperatorealtamura.it\/index.php?rest_route=\/wp\/v2\/types\/page"}],"author":[{"embeddable":true,"href":"https:\/\/beblimperatorealtamura.it\/index.php?rest_route=\/wp\/v2\/users\/1"}],"replies":[{"embeddable":true,"href":"https:\/\/beblimperatorealtamura.it\/index.php?rest_route=%2Fwp%2Fv2%2Fcomments&post=7774"}],"version-history":[{"count":9,"href":"https:\/\/beblimperatorealtamura.it\/index.php?rest_route=\/wp\/v2\/pages\/7774\/revisions"}],"predecessor-version":[{"id":10011,"href":"https:\/\/beblimperatorealtamura.it\/index.php?rest_route=\/wp\/v2\/pages\/7774\/revisions\/10011"}],"wp:attachment":[{"href":"https:\/\/beblimperatorealtamura.it\/index.php?rest_route=%2Fwp%2Fv2%2Fmedia&parent=7774"}],"curies":[{"name":"wp","href":"https:\/\/api.w.org\/{rel}","templated":true}]}}